{"id":6,"date":"2020-09-06T15:09:39","date_gmt":"2020-09-06T13:09:39","guid":{"rendered":"http:\/\/estellelegrandcreations.com\/?page_id=6"},"modified":"2020-10-11T17:31:06","modified_gmt":"2020-10-11T15:31:06","slug":"mon-cv","status":"publish","type":"page","link":"https:\/\/estellelegrandcreations.com\/index.php\/mon-cv\/","title":{"rendered":"Parcours"},"content":{"rendered":"\n<div class=\"wp-block-image\"><figure class=\"alignleft size-large is-resized\"><img loading=\"lazy\" src=\"http:\/\/estellelegrandcreations.com\/wp-content\/uploads\/2020\/09\/Estelle-HD-905x1024.jpg\" alt=\"\" class=\"wp-image-296\" width=\"199\" height=\"225\" srcset=\"https:\/\/estellelegrandcreations.com\/wp-content\/uploads\/2020\/09\/Estelle-HD-905x1024.jpg 905w, https:\/\/estellelegrandcreations.com\/wp-content\/uploads\/2020\/09\/Estelle-HD-265x300.jpg 265w, https:\/\/estellelegrandcreations.com\/wp-content\/uploads\/2020\/09\/Estelle-HD-768x869.jpg 768w, https:\/\/estellelegrandcreations.com\/wp-content\/uploads\/2020\/09\/Estelle-HD-1358x1536.jpg 1358w, https:\/\/estellelegrandcreations.com\/wp-content\/uploads\/2020\/09\/Estelle-HD-1810x2048.jpg 1810w, https:\/\/estellelegrandcreations.com\/wp-content\/uploads\/2020\/09\/Estelle-HD-53x60.jpg 53w\" sizes=\"(max-width: 199px) 100vw, 199px\" \/><figcaption><em><span class=\"has-inline-color has-cyan-bluish-gray-color\">Photo : Quentin Houdas<\/span><\/em><\/figcaption><\/figure><\/div>\n\n\n\n<p>Estelle Legrand est une cr\u00e9atrice textile n\u00e9e dans le nord de la France. Elle vit et travaille d\u00e9sormais \u00e0 Bruxelles.<\/p>\n\n\n\n<p>Passionn\u00e9e depuis l\u2019enfance par l\u2019univers artistique, elle d\u00e9bute ses \u00e9tudes d\u2019art en section concept \u00e0 l\u2019institut Saint Luc de Tournai. Elle prend un r\u00e9el plaisir \u00e0 cr\u00e9er. Elle commence \u00e0 d\u00e9velopper une certaine affinit\u00e9 pour les pratiques minutieuses et s\u2019aventure \u00e0 r\u00e9aliser des objets textiles. Apr\u00e8s 2 ann\u00e9es en art concept et son dipl\u00f4me en poche, poursuivre avec des \u00e9tudes de stylisme lui semble une \u00e9vidence. Apr\u00e8s cette premi\u00e8re \u00e9tape, elle ressent le besoin d\u2019aller plus loin dans la cr\u00e9ation de v\u00eatements et choisit de poursuivre ses \u00e9tudes en design textile \u00e0 l\u2019Acad\u00e9mie Royale des Beaux-Arts de Bruxelles pour \u00eatre en capacit\u00e9 de concevoir \u00e0 partir d\u2019un simple fil.<\/p>\n\n\n\n<p>A la fin de son parcours scolaire, elle se dirige vers Paris o\u00f9 elle d\u00e9bute pour la maison Lesage en tant que designer textile et travaille pour la haute couture. Cette prestigieuse institution lui offre la possibilit\u00e9 de concevoir des mod\u00e8les inattendus, de revisiter les archives pour r\u00e9pondre \u00e0 la demande de clients curieux de nouveaut\u00e9s. Sa mission consiste \u00e0 imaginer et \u00e9laborer des tests emprunts du savoir-faire artisanal de la maison Lesage tout en y insufflant une dimension nouvelle. <\/p>\n\n\n\n<p>Apr\u00e8s 7 ann\u00e9es \u00e0 baigner dans l\u2019univers du luxe (Chanel, Christian Dior, Louis Vuitton, Valentino\u2026), Estelle a souhait\u00e9 se recentrer sur des projets plus personnels, exp\u00e9rimentaux et artistiques. En parall\u00e8le, elle a repris le chemin de l\u2019\u00e9cole et obtenu l\u2019agr\u00e9gation en arts plastiques visuels et de l\u2019espace. L\u2019enseignement lui permet de partager son savoir-faire et sa passion pour l\u2019art.<\/p>\n\n\n\n<h2>Formation<\/h2>\n\n\n\n<p><\/p>\n\n\n\n<p>Septembre 2020 &#8211; Aujourd&#8217;hui : formation en c\u00e9ramique \u00e0 l&#8217;<a href=\"http:\/\/ecoleartuccle.be\"><span class=\"has-inline-color has-vivid-cyan-blue-color\">Acad\u00e9mie des Arts de Uccle<\/span>. <\/a><\/p>\n\n\n\n<p>2019 : Master 2, agr\u00e9gation de l\u2019enseignement secondaire sup\u00e9rieur en arts plastiques, visuels et de l\u2019espace avec distinction, <a href=\"https:\/\/www.arba-esa.be\/fr\/home.php\"><span class=\"has-inline-color has-vivid-cyan-blue-color\">Acad\u00e9mie Royale des Beaux-Arts de Bruxelles<\/span><\/a>.<\/p>\n\n\n\n<p>2012 : Master 2 en arts plastiques, visuels et de l\u2019espace, option design textile avec grande distinction, <a href=\"https:\/\/www.arba-esa.be\/fr\/home.php\"><span class=\"has-inline-color has-vivid-cyan-blue-color\">Acad\u00e9mie Royale des Beaux-Arts de Bruxelles<\/span><\/a>.<\/p>\n\n\n\n<p>2009 : Bachelier en arts plastiques, visuels et de l\u2019espace, option stylisme de mode, avec distinction, <a href=\"http:\/\/stluc-sup-tournai.be\/\"><span class=\"has-inline-color has-vivid-cyan-blue-color\">Saint-Luc Tournai<\/span><\/a>.<\/p>\n\n\n\n<p>2006 : CESS en arts plastiques, option arts concepts, dipl\u00f4me avec jury et mention d\u2019artiste, <a href=\"https:\/\/islt.be\/\"><span class=\"has-inline-color has-vivid-cyan-blue-color\">Saint-Luc Tournai<\/span><\/a>.<\/p>\n","protected":false},"excerpt":{"rendered":"<p>Estelle Legrand est une cr\u00e9atrice textile n\u00e9e dans le nord de la France. Elle vit et travaille d\u00e9sormais \u00e0 Bruxelles. Passionn\u00e9e depuis l\u2019enfance par l\u2019univers artistique, elle d\u00e9bute ses \u00e9tudes d\u2019art en section concept \u00e0 l\u2019institut Saint Luc de Tournai. Elle prend un r\u00e9el plaisir \u00e0 cr\u00e9er. Elle commence \u00e0 d\u00e9velopper une certaine affinit\u00e9 pour &hellip; <\/p>\n","protected":false},"author":1,"featured_media":0,"parent":0,"menu_order":0,"comment_status":"closed","ping_status":"closed","template":"","meta":[],"yoast_head":"<!-- This site is optimized with the Yoast SEO plugin v14.9 - https:\/\/yoast.com\/wordpress\/plugins\/seo\/ -->\n<title>Parcours - Estelle Legrand<\/title>\n<meta name=\"description\" content=\"Estelle Legrand est une cr\u00e9atrice textile\" \/>\n<meta name=\"robots\" content=\"index, follow, max-snippet:-1, max-image-preview:large, max-video-preview:-1\" \/>\n<link rel=\"canonical\" href=\"http:\/\/estellelegrandcreations.com\/index.php\/mon-cv\/\" \/>\n<meta property=\"og:locale\" content=\"en_US\" \/>\n<meta property=\"og:type\" content=\"article\" \/>\n<meta property=\"og:title\" content=\"Parcours - Estelle Legrand\" \/>\n<meta property=\"og:description\" content=\"Estelle Legrand est une cr\u00e9atrice textile\" \/>\n<meta property=\"og:url\" content=\"http:\/\/estellelegrandcreations.com\/index.php\/mon-cv\/\" \/>\n<meta property=\"og:site_name\" content=\"Estelle Legrand\" \/>\n<meta property=\"article:modified_time\" content=\"2020-10-11T15:31:06+00:00\" \/>\n<meta property=\"og:image\" content=\"http:\/\/estellelegrandcreations.com\/wp-content\/uploads\/2020\/09\/Estelle-HD-905x1024.jpg\" \/>\n<meta name=\"twitter:card\" content=\"summary_large_image\" \/>\n<script type=\"application\/ld+json\" class=\"yoast-schema-graph\">{\"@context\":\"https:\/\/schema.org\",\"@graph\":[{\"@type\":\"WebSite\",\"@id\":\"https:\/\/estellelegrandcreations.com\/#website\",\"url\":\"https:\/\/estellelegrandcreations.com\/\",\"name\":\"Estelle Legrand\",\"description\":\"\",\"potentialAction\":[{\"@type\":\"SearchAction\",\"target\":\"https:\/\/estellelegrandcreations.com\/?s={search_term_string}\",\"query-input\":\"required name=search_term_string\"}],\"inLanguage\":\"en-US\"},{\"@type\":\"ImageObject\",\"@id\":\"http:\/\/estellelegrandcreations.com\/index.php\/mon-cv\/#primaryimage\",\"inLanguage\":\"en-US\",\"url\":\"http:\/\/estellelegrandcreations.com\/wp-content\/uploads\/2020\/09\/Estelle-HD-905x1024.jpg\"},{\"@type\":\"WebPage\",\"@id\":\"http:\/\/estellelegrandcreations.com\/index.php\/mon-cv\/#webpage\",\"url\":\"http:\/\/estellelegrandcreations.com\/index.php\/mon-cv\/\",\"name\":\"Parcours - Estelle Legrand\",\"isPartOf\":{\"@id\":\"https:\/\/estellelegrandcreations.com\/#website\"},\"primaryImageOfPage\":{\"@id\":\"http:\/\/estellelegrandcreations.com\/index.php\/mon-cv\/#primaryimage\"},\"datePublished\":\"2020-09-06T13:09:39+00:00\",\"dateModified\":\"2020-10-11T15:31:06+00:00\",\"description\":\"Estelle Legrand est une cr\\u00e9atrice textile\",\"inLanguage\":\"en-US\",\"potentialAction\":[{\"@type\":\"ReadAction\",\"target\":[\"http:\/\/estellelegrandcreations.com\/index.php\/mon-cv\/\"]}]}]}<\/script>\n<!-- \/ Yoast SEO plugin. -->","_links":{"self":[{"href":"https:\/\/estellelegrandcreations.com\/index.php\/wp-json\/wp\/v2\/pages\/6"}],"collection":[{"href":"https:\/\/estellelegrandcreations.com\/index.php\/wp-json\/wp\/v2\/pages"}],"about":[{"href":"https:\/\/estellelegrandcreations.com\/index.php\/wp-json\/wp\/v2\/types\/page"}],"author":[{"embeddable":true,"href":"https:\/\/estellelegrandcreations.com\/index.php\/wp-json\/wp\/v2\/users\/1"}],"replies":[{"embeddable":true,"href":"https:\/\/estellelegrandcreations.com\/index.php\/wp-json\/wp\/v2\/comments?post=6"}],"version-history":[{"count":15,"href":"https:\/\/estellelegrandcreations.com\/index.php\/wp-json\/wp\/v2\/pages\/6\/revisions"}],"predecessor-version":[{"id":427,"href":"https:\/\/estellelegrandcreations.com\/index.php\/wp-json\/wp\/v2\/pages\/6\/revisions\/427"}],"wp:attachment":[{"href":"https:\/\/estellelegrandcreations.com\/index.php\/wp-json\/wp\/v2\/media?parent=6"}],"curies":[{"name":"wp","href":"https:\/\/api.w.org\/{rel}","templated":true}]}}