{"id":2,"date":"2020-09-06T14:14:19","date_gmt":"2020-09-06T12:14:19","guid":{"rendered":"http:\/\/estellelegrandcreations.com\/?page_id=2"},"modified":"2020-10-11T17:58:11","modified_gmt":"2020-10-11T15:58:11","slug":"design-textile","status":"publish","type":"page","link":"https:\/\/estellelegrandcreations.com\/","title":{"rendered":"Pr\u00e9sentation"},"content":{"rendered":"\n<h2>Pr\u00e9sentation<\/h2>\n\n\n\n<p>Estelle est une cr\u00e9atrice textile passionn\u00e9e par les outils artisanaux. Les fils s\u2019entrecroisent entre ses mains pour laisser place \u00e0 des cr\u00e9ations uniques.<\/p>\n\n\n\n<p>Elle ma\u00eetrise de nombreux savoir-faire, qu\u2019elle revisite avec sa vision novatrice. Apr\u00e8s avoir travaill\u00e9 pendant 7 ans pour la soci\u00e9t\u00e9 Lesage, ses r\u00e9alisations ont conserv\u00e9 une touche haute couture et pr\u00e9cieuse. Techniquement, elle affectionne particuli\u00e8rement la broderie et le tissage. Mais elle pratique \u00e9galement le dessin, la s\u00e9rigraphie, la peinture, la teinture, les marbrures, la dentelle, les pliss\u00e9s\u2026 Toujours \u00e0 la recherche de nouvelles exp\u00e9rimentations, elle prend un r\u00e9el plaisir \u00e0 m\u00e9langer ses multiples aptitudes pour cr\u00e9er des effets singuliers.<\/p>\n\n\n\n<p>Elle s\u2019inspire de ce qui l\u2019entoure, notamment les espaces verts, qui sont pour elle, des lieux de libert\u00e9 et d\u2019escapades ayant une influence significative sur son&nbsp;esprit&nbsp;cr\u00e9atif.<\/p>\n\n\n\n<p>\u00ab&nbsp;Ces terrains me procurent une source de vagabondages.\u202f&nbsp;Dans mes projets, j\u2019ai toujours \u00e9t\u00e9 attir\u00e9e par le monde de la m\u00e9ditation. Le c\u00f4t\u00e9 imp\u00e9n\u00e9trable&nbsp;de la r\u00eaverie&nbsp;me&nbsp;passionne.&nbsp;\u00bb<\/p>\n\n\n\n<p>\u00ab La r\u00eaverie v\u00e9g\u00e9tale est la plus repos\u00e9e, la plus reposante \u00bb : Gaston Bachelard. <\/p>\n","protected":false},"excerpt":{"rendered":"<p>Pr\u00e9sentation Estelle est une cr\u00e9atrice textile passionn\u00e9e par les outils artisanaux. Les fils s\u2019entrecroisent entre ses mains pour laisser place \u00e0 des cr\u00e9ations uniques. Elle ma\u00eetrise de nombreux savoir-faire, qu\u2019elle revisite avec sa vision novatrice. Apr\u00e8s avoir travaill\u00e9 pendant 7 ans pour la soci\u00e9t\u00e9 Lesage, ses r\u00e9alisations ont conserv\u00e9 une touche haute couture et pr\u00e9cieuse. &hellip; <\/p>\n","protected":false},"author":1,"featured_media":0,"parent":0,"menu_order":0,"comment_status":"closed","ping_status":"open","template":"","meta":[],"yoast_head":"<!-- This site is optimized with the Yoast SEO plugin v14.9 - https:\/\/yoast.com\/wordpress\/plugins\/seo\/ -->\n<title>Pr\u00e9sentation - Estelle Legrand<\/title>\n<meta name=\"description\" content=\"la cr\u00e9atrice Estelle Legrand travaille le textile\" \/>\n<meta name=\"robots\" content=\"index, follow, max-snippet:-1, max-image-preview:large, max-video-preview:-1\" \/>\n<link rel=\"canonical\" href=\"http:\/\/estellelegrandcreations.com\/\" \/>\n<meta property=\"og:locale\" content=\"en_US\" \/>\n<meta property=\"og:type\" content=\"article\" \/>\n<meta property=\"og:title\" content=\"Pr\u00e9sentation - Estelle Legrand\" \/>\n<meta property=\"og:description\" content=\"la cr\u00e9atrice Estelle Legrand travaille le textile\" \/>\n<meta property=\"og:url\" content=\"http:\/\/estellelegrandcreations.com\/\" \/>\n<meta property=\"og:site_name\" content=\"Estelle Legrand\" \/>\n<meta property=\"article:modified_time\" content=\"2020-10-11T15:58:11+00:00\" \/>\n<meta name=\"twitter:card\" content=\"summary_large_image\" \/>\n<script type=\"application\/ld+json\" class=\"yoast-schema-graph\">{\"@context\":\"https:\/\/schema.org\",\"@graph\":[{\"@type\":\"WebSite\",\"@id\":\"https:\/\/estellelegrandcreations.com\/#website\",\"url\":\"https:\/\/estellelegrandcreations.com\/\",\"name\":\"Estelle Legrand\",\"description\":\"\",\"potentialAction\":[{\"@type\":\"SearchAction\",\"target\":\"https:\/\/estellelegrandcreations.com\/?s={search_term_string}\",\"query-input\":\"required name=search_term_string\"}],\"inLanguage\":\"en-US\"},{\"@type\":\"WebPage\",\"@id\":\"http:\/\/estellelegrandcreations.com\/#webpage\",\"url\":\"http:\/\/estellelegrandcreations.com\/\",\"name\":\"Pr\\u00e9sentation - Estelle Legrand\",\"isPartOf\":{\"@id\":\"https:\/\/estellelegrandcreations.com\/#website\"},\"datePublished\":\"2020-09-06T12:14:19+00:00\",\"dateModified\":\"2020-10-11T15:58:11+00:00\",\"description\":\"la cr\\u00e9atrice Estelle Legrand travaille le textile\",\"inLanguage\":\"en-US\",\"potentialAction\":[{\"@type\":\"ReadAction\",\"target\":[\"http:\/\/estellelegrandcreations.com\/\"]}]}]}<\/script>\n<!-- \/ Yoast SEO plugin. -->","_links":{"self":[{"href":"https:\/\/estellelegrandcreations.com\/index.php\/wp-json\/wp\/v2\/pages\/2"}],"collection":[{"href":"https:\/\/estellelegrandcreations.com\/index.php\/wp-json\/wp\/v2\/pages"}],"about":[{"href":"https:\/\/estellelegrandcreations.com\/index.php\/wp-json\/wp\/v2\/types\/page"}],"author":[{"embeddable":true,"href":"https:\/\/estellelegrandcreations.com\/index.php\/wp-json\/wp\/v2\/users\/1"}],"replies":[{"embeddable":true,"href":"https:\/\/estellelegrandcreations.com\/index.php\/wp-json\/wp\/v2\/comments?post=2"}],"version-history":[{"count":11,"href":"https:\/\/estellelegrandcreations.com\/index.php\/wp-json\/wp\/v2\/pages\/2\/revisions"}],"predecessor-version":[{"id":438,"href":"https:\/\/estellelegrandcreations.com\/index.php\/wp-json\/wp\/v2\/pages\/2\/revisions\/438"}],"wp:attachment":[{"href":"https:\/\/estellelegrandcreations.com\/index.php\/wp-json\/wp\/v2\/media?parent=2"}],"curies":[{"name":"wp","href":"https:\/\/api.w.org\/{rel}","templated":true}]}}